{"id":12,"date":"2024-12-30T02:27:41","date_gmt":"2024-12-30T02:27:41","guid":{"rendered":"http:\/\/sw-themes.com\/porto_dummy\/?page_id=12"},"modified":"2026-05-14T09:43:53","modified_gmt":"2026-05-14T07:43:53","slug":"kontakt","status":"publish","type":"page","link":"https:\/\/abepistulis.hr\/tr\/kontakt\/","title":{"rendered":"Kontaktirajte nas"},"content":{"rendered":"<div data-elementor-type=\"wp-page\" data-elementor-id=\"12\" class=\"elementor elementor-12\">\n\t\t\t\t<div class=\"elementor-element elementor-element-c2abd46 e-flex e-con-boxed e-con e-parent\" data-id=\"c2abd46\" data-element_type=\"container\" data-e-type=\"container\">\r\n\t\t\t\t\t<div class=\"e-con-inner\">\r\n\t\t<div class=\"elementor-element elementor-element-57055e8 e-con-full e-flex e-con e-child\" data-id=\"57055e8\" data-element_type=\"container\" data-e-type=\"container\">\r\n\t\t\t\t<div class=\"elementor-element elementor-element-16e525f elementor-invisible elementor-widget elementor-widget-heading\" data-id=\"16e525f\" data-element_type=\"widget\" data-e-type=\"widget\" data-settings=\"{&quot;_animation&quot;:&quot;fadeInLeft&quot;,&quot;_animation_delay&quot;:0}\" data-widget_type=\"heading.default\">\n\t\t\t\t\t<h2 class=\"elementor-heading-title elementor-size-default\">Pi\u0161ite nam<\/h2>\t\t\t\t<\/div>\n\t\t\t\t<div class=\"elementor-element elementor-element-63cfdf7 elementor-widget elementor-widget-heading\" data-id=\"63cfdf7\" data-element_type=\"widget\" data-e-type=\"widget\" data-widget_type=\"heading.default\">\n\t\t\t\t\t<h3 class=\"elementor-heading-title elementor-size-default\">Stupimo u kontakt !<\/h3>\t\t\t\t<\/div>\n\t\t\t\t<div class=\"elementor-element elementor-element-7426042 home-contact elementor-widget elementor-widget-porto_contact_form\" data-id=\"7426042\" data-element_type=\"widget\" data-e-type=\"widget\" data-widget_type=\"porto_contact_form.default\">\n\t\t\t\t\t\n<div class=\"wpcf7 no-js\" id=\"wpcf7-f2962-o1\" lang=\"en-US\" dir=\"ltr\" data-wpcf7-id=\"2962\">\n<div class=\"screen-reader-response\"><p role=\"status\" aria-live=\"polite\" aria-atomic=\"true\"><\/p> <ul><\/ul><\/div>\n<form action=\"\/tr\/wp-json\/wp\/v2\/pages\/12#wpcf7-f2962-o1\" method=\"post\" class=\"wpcf7-form init\" aria-label=\"Contact form\" novalidate=\"novalidate\" data-status=\"init\" data-trp-original-action=\"\/tr\/wp-json\/wp\/v2\/pages\/12#wpcf7-f2962-o1\">\n<fieldset class=\"hidden-fields-container\"><input type=\"hidden\" name=\"_wpcf7\" value=\"2962\" \/><input type=\"hidden\" name=\"_wpcf7_version\" value=\"6.1.5\" \/><input type=\"hidden\" name=\"_wpcf7_locale\" value=\"en_US\" \/><input type=\"hidden\" name=\"_wpcf7_unit_tag\" value=\"wpcf7-f2962-o1\" \/><input type=\"hidden\" name=\"_wpcf7_container_post\" value=\"0\" \/><input type=\"hidden\" name=\"_wpcf7_posted_data_hash\" value=\"\" \/>\n<\/fieldset>\n<div class=\"row\">\n    <div class=\"form-group col-lg-6\">\n        <label class=\"form-label\">Va\u0161e ime *<\/label>\n        <span class=\"wpcf7-form-control-wrap\" data-name=\"text-804\"><input size=\"40\" maxlength=\"400\" class=\"wpcf7-form-control wpcf7-text wpcf7-validates-as-required\" aria-required=\"true\" aria-invalid=\"false\" placeholder=\"Unesite Va\u0161e ime\" value=\"\" type=\"text\" name=\"text-804\" \/><\/span>\n    <\/div>\n    <div class=\"form-group col-lg-6\">\n        <label class=\"form-label\">E-mail adresa<\/label>\n        <span class=\"wpcf7-form-control-wrap\" data-name=\"email-554\"><input size=\"40\" maxlength=\"400\" class=\"wpcf7-form-control wpcf7-email wpcf7-validates-as-required wpcf7-text wpcf7-validates-as-email\" aria-required=\"true\" aria-invalid=\"false\" placeholder=\"Unesite Va\u0161u e-mail adresu\" value=\"\" type=\"email\" name=\"email-554\" \/><\/span>\n    <\/div>\n<\/div>\n<div class=\"row\">\n    <div class=\"form-group col-lg-6\">\n        <label class=\"form-label\">Kontakt broj<\/label>\n        <span class=\"wpcf7-form-control-wrap\" data-name=\"tel-397\"><input size=\"40\" maxlength=\"400\" class=\"wpcf7-form-control wpcf7-tel wpcf7-validates-as-required wpcf7-text wpcf7-validates-as-tel\" aria-required=\"true\" aria-invalid=\"false\" placeholder=\"Unesite kontakt broj\" value=\"\" type=\"tel\" name=\"tel-397\" \/><\/span>\n    <\/div>\n    <div class=\"form-group col-lg-6\">\n        <label class=\"form-label\">Naziv institucije\/tvrtke<\/label>\n        <span class=\"wpcf7-form-control-wrap\" data-name=\"text-603\"><input size=\"40\" maxlength=\"400\" class=\"wpcf7-form-control wpcf7-text wpcf7-validates-as-required\" aria-required=\"true\" aria-invalid=\"false\" placeholder=\"Unesite naziv subjekta\" value=\"\" type=\"text\" name=\"text-603\" \/><\/span>\n    <\/div>\n<\/div>\t\t\t\t\t\t\t\t\t\n<div class=\"row\">\n    <div class=\"form-group col-lg-12\">\n        <label class=\"form-label\">Dodatne informacije<\/label>\n        <span class=\"wpcf7-form-control-wrap\" data-name=\"textarea-890\"><textarea cols=\"40\" rows=\"10\" maxlength=\"2000\" class=\"wpcf7-form-control wpcf7-textarea\" aria-invalid=\"false\" placeholder=\"Unesite dodatne informacije, upit ili ostalo\" name=\"textarea-890\"><\/textarea><\/span>\n    <\/div>\n<\/div>\n<button class=\"btn btn-hover-text-effect hover-text-switch-up\" type=\"submit\"><span class=\"btn-text\" data-text=\"Submit\">Po\u0161alji<\/span><i class=\"fas fa-arrow-right\" style=\"margin-left: 1.45rem;\"><\/i><\/button><div class=\"wpcf7-response-output\" aria-hidden=\"true\"><\/div>\n<input type=\"hidden\" name=\"trp-form-language\" value=\"tr\"\/><\/form>\n<\/div>\n\t\t\t\t<\/div>\n\t\t\t\t<\/div>\n\t\t<div class=\"elementor-element elementor-element-32078f4 e-con-full e-flex e-con e-child\" data-id=\"32078f4\" data-element_type=\"container\" data-e-type=\"container\">\r\n\t\t<div class=\"elementor-element elementor-element-0bed534 e-con-full e-flex elementor-invisible e-con e-child\" data-id=\"0bed534\" data-element_type=\"container\" data-e-type=\"container\" data-settings=\"{&quot;animation&quot;:&quot;fadeInUp&quot;,&quot;animation_delay&quot;:600}\">\r\n\t\t\t\t<div class=\"elementor-element elementor-element-f9e2ca1 elementor-widget__width-auto elementor-widget elementor-widget-porto_ultimate_heading\" data-id=\"f9e2ca1\" data-element_type=\"widget\" data-e-type=\"widget\" data-widget_type=\"porto_ultimate_heading.default\">\n\t\t\t\t\t<div class=\"porto-u-heading  porto-u-deedcbb7371acea8894cf5880bfdad9c\"><div class=\"porto-u-main-heading heading-highlight\" data-appear-animation=\"highlightProgress\"><h2  ><mark>20+<\/mark><\/h2><\/div><style>.porto-u-deedcbb7371acea8894cf5880bfdad9c.porto-u-heading{text-align:right}<\/style><\/div>\t\t\t\t<\/div>\n\t\t\t\t<div class=\"elementor-element elementor-element-c6933c6 elementor-widget elementor-widget-heading\" data-id=\"c6933c6\" data-element_type=\"widget\" data-e-type=\"widget\" data-widget_type=\"heading.default\">\n\t\t\t\t\t<h4 class=\"elementor-heading-title elementor-size-default\">Godina iskustva<\/h4>\t\t\t\t<\/div>\n\t\t\t\t<\/div>\n\t\t\t\t<div class=\"elementor-element elementor-element-2611e20 elementor-invisible elementor-widget elementor-widget-porto_info_box\" data-id=\"2611e20\" data-element_type=\"widget\" data-e-type=\"widget\" data-settings=\"{&quot;_animation&quot;:&quot;fadeInUp&quot;,&quot;_animation_delay&quot;:600}\" data-widget_type=\"porto_info_box.default\">\n\t\t\t\t\t<div class=\"porto-sicon-box style_1 default-icon\"><div class=\"porto-sicon-default\"><div class=\"porto-just-icon-wrapper porto-icon none  svg\" style=\"\"><svg xmlns=\"http:\/\/www.w3.org\/2000\/svg\" xmlns:xlink=\"http:\/\/www.w3.org\/1999\/xlink\" x=\"0px\" y=\"0px\" viewbox=\"0 0 512 512\" style=\"enable-background:new 0 0 512 512;\" xml:space=\"preserve\" width=\"26\" height=\"26\" data-filename=\"icon-4.svg\">    <path d=\"M82.877,311.122c3.417,2.287,7.281,3.38,11.104,3.38c6.45,0,12.783-3.116,16.64-8.879  c32.317-48.292,86.34-77.123,144.511-77.123c57.999,0,111.933,28.699,144.273,76.77c6.167,9.165,18.594,11.596,27.758,5.43  c9.165-6.166,11.596-18.594,5.43-27.758c-25.839-38.406-62.885-66.745-105.219-81.905C352.762,180.298,369,148.761,369,113.5  c0-62.309-50.691-113-113-113s-113,50.691-113,113c0,35.008,16.002,66.347,41.076,87.091  c-42.996,15.104-80.599,43.786-106.698,82.786C71.235,292.557,73.697,304.979,82.877,311.122z M256,40.5c40.252,0,73,32.748,73,73  s-32.748,73-73,73s-73-32.748-73-73S215.748,40.5,256,40.5z M335.758,354.63l-29.816,21.509c-4.436,3.2-6.293,8.873-4.598,14.051  l12.007,34.802c0.507,1.55,0.702,3.064,0.637,4.508c-0.425,9.347-12.14,15.741-20.732,9.543l-29.815-21.515  c-2.218-1.6-4.829-2.4-7.44-2.4c-2.611,0-5.222,0.8-7.44,2.4l-29.815,21.515c-8.592,6.198-20.363-0.196-20.735-9.543  c-0.057-1.444,0.143-2.959,0.65-4.508l11.996-34.802c1.695-5.178-0.162-10.851-4.598-14.051l-29.816-21.509  c-9.92-7.156-4.822-24.13,7.44-24.13h36.854c5.484,0,10.344-2.111,12.038-7.289l11.388-35.027c1.895-5.789,6.966-8.684,12.038-8.684  c5.072,0,10.143,2.895,12.038,8.684l11.388,35.027c1.695,5.178,6.554,7.289,12.038,7.289h36.854  C340.58,330.5,345.678,347.474,335.758,354.63z M506.758,424.63l-29.816,21.509c-4.436,3.2-6.293,8.873-4.598,14.051l12.007,34.802  c0.507,1.55,0.702,3.064,0.637,4.508c-0.425,9.347-12.14,15.741-20.732,9.543l-29.815-21.515c-2.218-1.6-4.829-2.4-7.44-2.4  s-5.222,0.8-7.44,2.4l-29.815,21.515c-8.592,6.198-20.363-0.196-20.735-9.543c-0.057-1.444,0.143-2.959,0.65-4.508l11.996-34.802  c1.695-5.178-0.162-10.851-4.598-14.051l-29.816-21.509c-9.92-7.156-4.822-24.13,7.44-24.13h36.854  c5.484,0,10.344-2.111,12.038-7.289l11.388-35.027c1.895-5.789,6.966-8.684,12.038-8.684s10.143,2.895,12.038,8.684l11.388,35.027  c1.695,5.178,6.554,7.289,12.038,7.289h36.854C511.58,400.5,516.678,417.474,506.758,424.63z M164.758,424.63l-29.816,21.509  c-4.436,3.2-6.293,8.873-4.598,14.051l12.007,34.802c0.507,1.55,0.702,3.064,0.637,4.508c-0.425,9.347-12.14,15.741-20.732,9.543  L92.44,487.528c-2.218-1.6-4.829-2.4-7.44-2.4s-5.222,0.8-7.44,2.4l-29.815,21.515c-8.592,6.198-20.363-0.196-20.735-9.543  c-0.057-1.444,0.143-2.959,0.65-4.508l11.996-34.802c1.695-5.178-0.162-10.851-4.598-14.051L5.242,424.63  c-9.92-7.156-4.822-24.13,7.44-24.13h36.854c5.484,0,10.344-2.111,12.038-7.289l11.388-35.027c1.895-5.789,6.966-8.684,12.038-8.684  s10.143,2.895,12.038,8.684l11.388,35.027c1.695,5.178,6.554,7.289,12.038,7.289h36.854  C169.58,400.5,174.678,417.474,164.758,424.63z\"><\/path><\/svg><\/div><\/div><div class=\"porto-sicon-header\"><h3 class=\"porto-sicon-title\" style=\"\"><span class='stars' style='font-size: 1.2rem; color: #e3993f; letter-spacing: -1px;'><i class='fas fa-star'><\/i><i class='fas fa-star'><\/i><i class='fas fa-star'><\/i><i class='fas fa-star'><\/i><i class='fas fa-star'><\/i> <\/span><\/h3><p ><strong style='padding-right: 0.25rem; font-family: \"Lexend\"'>Pridru\u017eite se<\/strong> | 100+ zadovoljnih klijenata<\/p><\/div> <!-- header --><\/div><!-- porto-sicon-box -->\t\t\t\t<\/div>\n\t\t\t\t<div class=\"elementor-element elementor-element-cd72a70 custom-link-color hover-color-light elementor-widget elementor-widget-porto_info_box\" data-id=\"cd72a70\" data-element_type=\"widget\" data-e-type=\"widget\" data-widget_type=\"porto_info_box.default\">\n\t\t\t\t\t<div class=\"porto-sicon-box style_1 default-icon\"><div class=\"porto-sicon-default\"><div class=\"porto-just-icon-wrapper porto-icon advanced  svg\" style=\"\"><svg xmlns=\"http:\/\/www.w3.org\/2000\/svg\" height=\"24\" viewbox=\"0 0 32 32\" width=\"24\" id=\"icon_21735597697378\" data-filename=\"phone-2.svg\"><g id=\"Layer_3\" data-name=\"Layer 3\"><path d=\"m30.035 22.594c-.053-.044-6.042-4.33-7.667-4.049-.781.138-1.228.67-2.123 1.737-.144.172-.491.583-.759.876a12.458 12.458 0 0 1 -1.651-.672 13.7 13.7 0 0 1 -6.321-6.321 12.458 12.458 0 0 1 -.672-1.651c.294-.269.706-.616.882-.764 1.061-.89 1.593-1.337 1.731-2.119.283-1.619-4.005-7.613-4.049-7.667a2.289 2.289 0 0 0 -1.706-.964c-1.738 0-6.7 6.436-6.7 7.521 0 .063.091 6.467 7.988 14.5 8.024 7.888 14.428 7.979 14.491 7.979 1.085 0 7.521-4.962 7.521-6.7a2.287 2.287 0 0 0 -.965-1.706zm-6.666 6.4c-.874-.072-6.248-.781-12.967-7.382-6.635-6.755-7.326-12.144-7.395-12.979a27.054 27.054 0 0 1 4.706-5.561c.04.04.093.1.161.178a35.391 35.391 0 0 1 3.574 6.063 11.886 11.886 0 0 1 -1.016.911 10.033 10.033 0 0 0 -1.512 1.422l-.243.34.072.411a11.418 11.418 0 0 0 .965 2.641 15.71 15.71 0 0 0 7.248 7.247 11.389 11.389 0 0 0 2.641.966l.411.072.34-.243a10.117 10.117 0 0 0 1.428-1.518c.313-.374.732-.873.89-1.014a35.163 35.163 0 0 1 6.078 3.578c.083.07.141.124.18.159a27.031 27.031 0 0 1 -5.561 4.707z\"><\/path><\/g><\/svg><\/div><\/div><div class=\"porto-sicon-header\"><h3 class=\"porto-sicon-title\" style=\"\">NAZOVITE NAS<\/h3><p ><a href='\/tr\/+385 99 355 6644\/'>+385 99 355 6644<\/a><\/p><\/div> <!-- header --><\/div><!-- porto-sicon-box -->\t\t\t\t<\/div>\n\t\t\t\t<div class=\"elementor-element elementor-element-4069bf0 custom-link-color hover-color-light elementor-widget elementor-widget-porto_info_box\" data-id=\"4069bf0\" data-element_type=\"widget\" data-e-type=\"widget\" data-widget_type=\"porto_info_box.default\">\n\t\t\t\t\t<div class=\"porto-sicon-box style_1 default-icon\"><div class=\"porto-sicon-default\"><div class=\"porto-just-icon-wrapper porto-icon advanced  svg\" style=\"\"><svg xmlns=\"http:\/\/www.w3.org\/2000\/svg\" xmlns:xlink=\"http:\/\/www.w3.org\/1999\/xlink\" x=\"0px\" y=\"0px\" viewbox=\"0 0 64 64\" style=\"enable-background:new 0 0 64 64;\" xml:space=\"preserve\" data-filename=\"email.svg\" width=\"30\" height=\"30\" fill=\"#fff\"><path d=\"M32,60C16.5,60,4,47.5,4,32S16.5,4,32,4c15.9,0,25,8.7,25,24v1c0.2,3.4-0.6,6.8-2.3,9.7c-1.8,3.1-5.1,5.1-8.7,5 c-4,0-8.6-2.3-8.6-8.8v-0.1L38,22.9c-0.5-0.1-1-0.2-1.5-0.3c-1.4-0.2-2.7-0.3-4.1-0.3c-2.5-0.1-5,0.8-6.7,2.7 c-1.8,2.1-2.8,4.8-2.6,7.6c-0.1,2.2,0.5,4.3,1.7,6.1c1.1,1.3,2.7,1.9,4.3,1.8c1.2,0,2.4-0.3,3.4-0.9c0.9-0.6,2.2-0.4,2.8,0.6 s0.4,2.2-0.6,2.8C33,44,31,44.6,29.1,44.5c-2.8,0.1-5.6-1.1-7.4-3.3c-1.8-2.1-2.6-5-2.6-8.7c-0.2-3.8,1.1-7.5,3.7-10.3 c2.5-2.7,6-4.1,9.7-4c1.6,0,3.1,0.1,4.7,0.4c1.2,0.2,2.4,0.4,3.5,0.7l1.6,0.4L41.4,35c0,4.1,2.9,4.7,4.6,4.7c2.1,0,4.1-1.1,5.2-2.9 c1.4-2.4,2-5.1,1.8-7.8v-1c0-12.9-7.5-20-21-20C18.7,8,8,18.7,8,32c0,13.3,10.7,24,24,24c6.2,0,12.1-2.4,16.6-6.7 c0.8-0.8,2.1-0.7,2.8,0.1c0.8,0.8,0.7,2.1-0.1,2.8l0,0C46.2,57.2,39.2,60,32,60z\"><\/path><\/svg><\/div><\/div><div class=\"porto-sicon-header\"><h3 class=\"porto-sicon-title\" style=\"\">PI\u0160ITE NAM<\/h3><p ><a href='mailto:info@abepistulis.hr'>info@abepistulis.hr<\/a><\/p><\/div> <!-- header --><\/div><!-- porto-sicon-box -->\t\t\t\t<\/div>\n\t\t\t\t<\/div>\n\t\t\t\t\t<\/div>\n\t\t\t\t<\/div>\n\t\t\t\t<\/div>","protected":false},"excerpt":{"rendered":"<p>Pi\u0161ite nam Stupimo u kontakt ! Va\u0161e ime * E-mail adresa Kontakt broj Naziv institucije\/tvrtke Dodatne informacije Po\u0161alji 20+ Godina iskustva Pridru\u017eite se | 100+ zadovoljnih klijenata NAZOVITE NAS +385 99 355 6644 PI\u0160ITE NAM info@abepistulis.hr<\/p>","protected":false},"author":1,"featured_media":0,"parent":0,"menu_order":0,"comment_status":"closed","ping_status":"closed","template":"","meta":{"_acf_changed":false,"footnotes":""},"class_list":["post-12","page","type-page","status-publish","hentry"],"acf":[],"yoast_head":"<!-- This site is optimized with the Yoast SEO plugin v27.6 - https:\/\/yoast.com\/product\/yoast-seo-wordpress\/ -->\n<title>Kontaktirajte nas - AB Epistulis<\/title>\n<meta name=\"robots\" content=\"index, follow, max-snippet:-1, max-image-preview:large, max-video-preview:-1\" \/>\n<link rel=\"canonical\" href=\"https:\/\/abepistulis.hr\/tr\/kontakt\/\" \/>\n<meta property=\"og:locale\" content=\"tr_TR\" \/>\n<meta property=\"og:type\" content=\"article\" \/>\n<meta property=\"og:title\" content=\"Kontaktirajte nas - AB Epistulis\" \/>\n<meta property=\"og:description\" content=\"Pi\u0161ite nam Stupimo u kontakt ! Va\u0161e ime * E-mail adresa Kontakt broj Naziv institucije\/tvrtke Dodatne informacije Po\u0161alji 20+ Godina iskustva Pridru\u017eite se | 100+ zadovoljnih klijenata NAZOVITE NAS +385 99 355 6644 PI\u0160ITE NAM info@abepistulis.hr\" \/>\n<meta property=\"og:url\" content=\"https:\/\/abepistulis.hr\/tr\/kontakt\/\" \/>\n<meta property=\"og:site_name\" content=\"AB Epistulis\" \/>\n<meta property=\"article:modified_time\" content=\"2026-05-14T07:43:53+00:00\" \/>\n<meta name=\"twitter:card\" content=\"summary_large_image\" \/>\n<meta name=\"twitter:label1\" content=\"Tahmini okuma s\u00fcresi\" \/>\n\t<meta name=\"twitter:data1\" content=\"1 dakika\" \/>\n<script type=\"application\/ld+json\" class=\"yoast-schema-graph\">{\"@context\":\"https:\\\/\\\/schema.org\",\"@graph\":[{\"@type\":\"WebPage\",\"@id\":\"https:\\\/\\\/abepistulis.hr\\\/kontakt\\\/\",\"url\":\"https:\\\/\\\/abepistulis.hr\\\/kontakt\\\/\",\"name\":\"Kontaktirajte nas - AB Epistulis\",\"isPartOf\":{\"@id\":\"https:\\\/\\\/abepistulis.hr\\\/#website\"},\"datePublished\":\"2024-12-30T02:27:41+00:00\",\"dateModified\":\"2026-05-14T07:43:53+00:00\",\"breadcrumb\":{\"@id\":\"https:\\\/\\\/abepistulis.hr\\\/kontakt\\\/#breadcrumb\"},\"inLanguage\":\"tr\",\"potentialAction\":[{\"@type\":\"ReadAction\",\"target\":[\"https:\\\/\\\/abepistulis.hr\\\/kontakt\\\/\"]}]},{\"@type\":\"BreadcrumbList\",\"@id\":\"https:\\\/\\\/abepistulis.hr\\\/kontakt\\\/#breadcrumb\",\"itemListElement\":[{\"@type\":\"ListItem\",\"position\":1,\"name\":\"Po\u010detna stranica\",\"item\":\"https:\\\/\\\/abepistulis.hr\\\/\"},{\"@type\":\"ListItem\",\"position\":2,\"name\":\"Kontaktirajte nas\"}]},{\"@type\":\"WebSite\",\"@id\":\"https:\\\/\\\/abepistulis.hr\\\/#website\",\"url\":\"https:\\\/\\\/abepistulis.hr\\\/\",\"name\":\"AB Epistulis\",\"description\":\"Va\u0161 partner za turski jezik\",\"potentialAction\":[{\"@type\":\"SearchAction\",\"target\":{\"@type\":\"EntryPoint\",\"urlTemplate\":\"https:\\\/\\\/abepistulis.hr\\\/?s={search_term_string}\"},\"query-input\":{\"@type\":\"PropertyValueSpecification\",\"valueRequired\":true,\"valueName\":\"search_term_string\"}}],\"inLanguage\":\"tr\"}]}<\/script>\n<!-- \/ Yoast SEO plugin. -->","yoast_head_json":{"title":"Kontaktirajte nas - AB Epistulis","robots":{"index":"index","follow":"follow","max-snippet":"max-snippet:-1","max-image-preview":"max-image-preview:large","max-video-preview":"max-video-preview:-1"},"canonical":"https:\/\/abepistulis.hr\/tr\/kontakt\/","og_locale":"tr_TR","og_type":"article","og_title":"Kontaktirajte nas - AB Epistulis","og_description":"Pi\u0161ite nam Stupimo u kontakt ! Va\u0161e ime * E-mail adresa Kontakt broj Naziv institucije\/tvrtke Dodatne informacije Po\u0161alji 20+ Godina iskustva Pridru\u017eite se | 100+ zadovoljnih klijenata NAZOVITE NAS +385 99 355 6644 PI\u0160ITE NAM info@abepistulis.hr","og_url":"https:\/\/abepistulis.hr\/tr\/kontakt\/","og_site_name":"AB Epistulis","article_modified_time":"2026-05-14T07:43:53+00:00","twitter_card":"summary_large_image","twitter_misc":{"Tahmini okuma s\u00fcresi":"1 dakika"},"schema":{"@context":"https:\/\/schema.org","@graph":[{"@type":"WebPage","@id":"https:\/\/abepistulis.hr\/kontakt\/","url":"https:\/\/abepistulis.hr\/kontakt\/","name":"Kontaktirajte nas - AB Epistulis","isPartOf":{"@id":"https:\/\/abepistulis.hr\/#website"},"datePublished":"2024-12-30T02:27:41+00:00","dateModified":"2026-05-14T07:43:53+00:00","breadcrumb":{"@id":"https:\/\/abepistulis.hr\/kontakt\/#breadcrumb"},"inLanguage":"tr","potentialAction":[{"@type":"ReadAction","target":["https:\/\/abepistulis.hr\/kontakt\/"]}]},{"@type":"BreadcrumbList","@id":"https:\/\/abepistulis.hr\/kontakt\/#breadcrumb","itemListElement":[{"@type":"ListItem","position":1,"name":"Po\u010detna stranica","item":"https:\/\/abepistulis.hr\/"},{"@type":"ListItem","position":2,"name":"Kontaktirajte nas"}]},{"@type":"WebSite","@id":"https:\/\/abepistulis.hr\/#website","url":"https:\/\/abepistulis.hr\/","name":"AB Epistulis","description":"Va\u0161 partner za turski jezik","potentialAction":[{"@type":"SearchAction","target":{"@type":"EntryPoint","urlTemplate":"https:\/\/abepistulis.hr\/?s={search_term_string}"},"query-input":{"@type":"PropertyValueSpecification","valueRequired":true,"valueName":"search_term_string"}}],"inLanguage":"tr"}]}},"_links":{"self":[{"href":"https:\/\/abepistulis.hr\/tr\/wp-json\/wp\/v2\/pages\/12","targetHints":{"allow":["GET"]}}],"collection":[{"href":"https:\/\/abepistulis.hr\/tr\/wp-json\/wp\/v2\/pages"}],"about":[{"href":"https:\/\/abepistulis.hr\/tr\/wp-json\/wp\/v2\/types\/page"}],"author":[{"embeddable":true,"href":"https:\/\/abepistulis.hr\/tr\/wp-json\/wp\/v2\/users\/1"}],"replies":[{"embeddable":true,"href":"https:\/\/abepistulis.hr\/tr\/wp-json\/wp\/v2\/comments?post=12"}],"version-history":[{"count":16,"href":"https:\/\/abepistulis.hr\/tr\/wp-json\/wp\/v2\/pages\/12\/revisions"}],"predecessor-version":[{"id":5257,"href":"https:\/\/abepistulis.hr\/tr\/wp-json\/wp\/v2\/pages\/12\/revisions\/5257"}],"wp:attachment":[{"href":"https:\/\/abepistulis.hr\/tr\/wp-json\/wp\/v2\/media?parent=12"}],"curies":[{"name":"wp","href":"https:\/\/api.w.org\/{rel}","templated":true}]}}